{"id":5571,"date":"2022-07-20T11:02:26","date_gmt":"2022-07-20T16:02:26","guid":{"rendered":"https:\/\/mam.org\/info\/pressroom\/?page_id=5571"},"modified":"2024-03-12T14:44:50","modified_gmt":"2024-03-12T19:44:50","slug":"press-release-archive","status":"publish","type":"page","link":"https:\/\/mam.org\/info\/pressroom\/press-release-archive\/","title":{"rendered":"Press Release Archive"},"content":{"rendered":"\n<div class=\"wp-block-query is-layout-flow wp-block-query-is-layout-flow\"><ul class=\"wp-block-post-template is-layout-flow wp-block-post-template-is-layout-flow\"><li class=\"wp-block-post post-6870 post type-post status-publish format-standard has-post-thumbnail hentry category-uncategorized\">\n<h4 class=\"wp-block-post-title\"><a href=\"https:\/\/mam.org\/info\/pressroom\/2026\/04\/milwaukee-art-museum-to-present-seeking-revelation-german-romantic-prints-and-drawings\/\" target=\"_self\" >Milwaukee Art Museum to Present \u201cSeeking Revelation: German Romantic Prints and Drawings\u201d<\/a><\/h4>\n\n<div class=\"no-top-padding wp-block-post-date\"><time datetime=\"2026-04-23T10:56:07-05:00\">April 23, 2026<\/time><\/div>\n\n\n<div style=\"height:1em\" aria-hidden=\"true\" class=\"wp-block-spacer\"><\/div>\n\n<\/li><li class=\"wp-block-post post-6863 post type-post status-publish format-standard has-post-thumbnail hentry category-uncategorized\">\n<h4 class=\"wp-block-post-title\"><a href=\"https:\/\/mam.org\/info\/pressroom\/2026\/03\/milwaukee-art-museum-reimagines-the-bradley-wing-of-modern-art\/\" target=\"_self\" >Milwaukee Art Museum Reimagines the Bradley Wing of Modern Art<\/a><\/h4>\n\n<div class=\"no-top-padding wp-block-post-date\"><time datetime=\"2026-03-12T14:52:33-05:00\">March 12, 2026<\/time><\/div>\n\n\n<div style=\"height:1em\" aria-hidden=\"true\" class=\"wp-block-spacer\"><\/div>\n\n<\/li><li class=\"wp-block-post post-6860 post type-post status-publish format-standard has-post-thumbnail hentry category-uncategorized\">\n<h4 class=\"wp-block-post-title\"><a href=\"https:\/\/mam.org\/info\/pressroom\/2026\/03\/milwaukee-art-museum-to-present-widline-cadets-first-u-s-museum-solo-exhibition\/\" target=\"_self\" >Milwaukee Art Museum to Present Widline Cadet\u2019s First U.S. Museum Solo Exhibition<\/a><\/h4>\n\n<div class=\"no-top-padding wp-block-post-date\"><time datetime=\"2026-03-12T14:33:22-05:00\">March 12, 2026<\/time><\/div>\n\n\n<div style=\"height:1em\" aria-hidden=\"true\" class=\"wp-block-spacer\"><\/div>\n\n<\/li><li class=\"wp-block-post post-6851 post type-post status-publish format-standard has-post-thumbnail hentry category-uncategorized\">\n<h4 class=\"wp-block-post-title\"><a href=\"https:\/\/mam.org\/info\/pressroom\/2026\/02\/art-in-bloom-returns-to-the-milwaukee-art-museum-2026\/\" target=\"_self\" >Art in Bloom Returns to the Milwaukee Art Museum, April 16\u201319, 2026<\/a><\/h4>\n\n<div class=\"no-top-padding wp-block-post-date\"><time datetime=\"2026-02-16T10:44:23-06:00\">February 16, 2026<\/time><\/div>\n\n\n<div style=\"height:1em\" aria-hidden=\"true\" class=\"wp-block-spacer\"><\/div>\n\n<\/li><li class=\"wp-block-post post-6844 post type-post status-publish format-standard has-post-thumbnail hentry category-uncategorized\">\n<h4 class=\"wp-block-post-title\"><a href=\"https:\/\/mam.org\/info\/pressroom\/2026\/02\/inspiring-generations-of-young-artists-50-years-of-wisconsin-scholastic-art-awards-at-the-milwaukee-art-museum\/\" target=\"_self\" >Inspiring Generations of Young Artists: 50 Years of Wisconsin Scholastic Art Awards at the Milwaukee Art Museum<\/a><\/h4>\n\n<div class=\"no-top-padding wp-block-post-date\"><time datetime=\"2026-02-06T14:38:55-06:00\">February 6, 2026<\/time><\/div>\n\n\n<div style=\"height:1em\" aria-hidden=\"true\" class=\"wp-block-spacer\"><\/div>\n\n<\/li><li class=\"wp-block-post post-6819 post type-post status-publish format-standard hentry category-uncategorized\">\n<h4 class=\"wp-block-post-title\"><a href=\"https:\/\/mam.org\/info\/pressroom\/2025\/12\/milwaukee-art-museum-announces-gertrude-abercrombie-the-whole-world-is-a-mystery\/\" target=\"_self\" >Milwaukee Art Museum Announces \u201cGertrude Abercrombie: The Whole World Is a Mystery\u201d<\/a><\/h4>\n\n<div class=\"no-top-padding wp-block-post-date\"><time datetime=\"2025-12-12T11:40:07-06:00\">December 12, 2025<\/time><\/div>\n\n\n<div style=\"height:1em\" aria-hidden=\"true\" class=\"wp-block-spacer\"><\/div>\n\n<\/li><li class=\"wp-block-post post-6798 post type-post status-publish format-standard hentry category-uncategorized\">\n<h4 class=\"wp-block-post-title\"><a href=\"https:\/\/mam.org\/info\/pressroom\/2025\/10\/generosity-takes-center-stage-in-major-fall-exhibition-at-the-milwaukee-art-museum\/\" target=\"_self\" >Generosity Takes Center Stage in Major Fall Exhibition at the Milwaukee Art Museum<\/a><\/h4>\n\n<div class=\"no-top-padding wp-block-post-date\"><time datetime=\"2025-10-15T13:56:28-05:00\">October 15, 2025<\/time><\/div>\n\n\n<div style=\"height:1em\" aria-hidden=\"true\" class=\"wp-block-spacer\"><\/div>\n\n<\/li><li class=\"wp-block-post post-6764 post type-post status-publish format-standard has-post-thumbnail hentry category-uncategorized\">\n<h4 class=\"wp-block-post-title\"><a href=\"https:\/\/mam.org\/info\/pressroom\/2025\/09\/milwaukee-art-museums-artforward-gala-raises-1-2-million\/\" target=\"_self\" >Milwaukee Art Museum\u2019s Art:Forward Gala Raises $1.2 Million<\/a><\/h4>\n\n<div class=\"no-top-padding wp-block-post-date\"><time datetime=\"2025-09-24T11:17:37-05:00\">September 24, 2025<\/time><\/div>\n\n\n<div style=\"height:1em\" aria-hidden=\"true\" class=\"wp-block-spacer\"><\/div>\n\n<\/li><li class=\"wp-block-post post-6738 post type-post status-publish format-standard hentry category-featured-press-release\">\n<h4 class=\"wp-block-post-title\"><a href=\"https:\/\/mam.org\/info\/pressroom\/2025\/09\/director-update\/\" target=\"_self\" >Milwaukee Art Museum Names Kim Sajet as New Director<\/a><\/h4>\n\n<div class=\"no-top-padding wp-block-post-date\"><time datetime=\"2025-09-03T08:50:00-05:00\">September 3, 2025<\/time><\/div>\n\n\n<div style=\"height:1em\" aria-hidden=\"true\" class=\"wp-block-spacer\"><\/div>\n\n<\/li><li class=\"wp-block-post post-6729 post type-post status-publish format-standard hentry category-uncategorized\">\n<h4 class=\"wp-block-post-title\"><a href=\"https:\/\/mam.org\/info\/pressroom\/2025\/07\/milwaukee-art-museum-announces-2025-artforward-gala-celebrating-50-years-of-the-bradley-collection\/\" target=\"_self\" >Milwaukee Art Museum Announces 2025 Art:Forward Gala, Celebrating 50 Years of the Bradley Collection<\/a><\/h4>\n\n<div class=\"no-top-padding wp-block-post-date\"><time datetime=\"2025-07-29T12:42:24-05:00\">July 29, 2025<\/time><\/div>\n\n\n<div style=\"height:1em\" aria-hidden=\"true\" class=\"wp-block-spacer\"><\/div>\n\n<\/li><li class=\"wp-block-post post-6684 post type-post status-publish format-standard hentry category-uncategorized\">\n<h4 class=\"wp-block-post-title\"><a href=\"https:\/\/mam.org\/info\/pressroom\/2025\/06\/a-new-story-emerges-introducing-homelands-mnenanak-maenaewah-tesisik\/\" target=\"_self\" >A New Story Emerges: Introducing Homelands: Mn\u00eb\u2019n\u00e1nak, M\u0101\u0113n\u0101\u0113wah, Te\u0161i\u0161ik<\/a><\/h4>\n\n<div class=\"no-top-padding wp-block-post-date\"><time datetime=\"2025-06-26T14:02:12-05:00\">June 26, 2025<\/time><\/div>\n\n\n<div style=\"height:1em\" aria-hidden=\"true\" class=\"wp-block-spacer\"><\/div>\n\n<\/li><li class=\"wp-block-post post-6673 post type-post status-publish format-standard hentry category-uncategorized\">\n<h4 class=\"wp-block-post-title\"><a href=\"https:\/\/mam.org\/info\/pressroom\/2025\/05\/milwaukee-art-museum-presents-the-bradley-collection-of-modern-art-a-bold-vision-for-milwaukee\/\" target=\"_self\" >Milwaukee Art Museum Presents \u201cThe Bradley Collection of Modern Art: A Bold Vision for Milwaukee\u201d<\/a><\/h4>\n\n<div class=\"no-top-padding wp-block-post-date\"><time datetime=\"2025-05-28T10:30:00-05:00\">May 28, 2025<\/time><\/div>\n\n\n<div style=\"height:1em\" aria-hidden=\"true\" class=\"wp-block-spacer\"><\/div>\n\n<\/li><li class=\"wp-block-post post-6664 post type-post status-publish format-standard has-post-thumbnail hentry category-uncategorized\">\n<h4 class=\"wp-block-post-title\"><a href=\"https:\/\/mam.org\/info\/pressroom\/2025\/05\/milwaukee-art-museum-launches-bold-new-campaign-to-invite-visitors-to-be-here\/\" target=\"_self\" >Milwaukee Art Museum Launches Bold New Campaign to Invite Visitors to \u201cBe Here<\/a><\/h4>\n\n<div class=\"no-top-padding wp-block-post-date\"><time datetime=\"2025-05-22T12:22:19-05:00\">May 22, 2025<\/time><\/div>\n\n\n<div style=\"height:1em\" aria-hidden=\"true\" class=\"wp-block-spacer\"><\/div>\n\n<\/li><li class=\"wp-block-post post-6659 post type-post status-publish format-standard hentry category-uncategorized\">\n<h4 class=\"wp-block-post-title\"><a href=\"https:\/\/mam.org\/info\/pressroom\/2025\/05\/milwaukee-art-museum-launches-search-for-next-executive-director\/\" target=\"_self\" >Milwaukee Art Museum Launches Search for Next Executive Director<\/a><\/h4>\n\n<div class=\"no-top-padding wp-block-post-date\"><time datetime=\"2025-05-14T09:33:06-05:00\">May 14, 2025<\/time><\/div>\n\n\n<div style=\"height:1em\" aria-hidden=\"true\" class=\"wp-block-spacer\"><\/div>\n\n<\/li><li class=\"wp-block-post post-6652 post type-post status-publish format-standard has-post-thumbnail hentry category-uncategorized\">\n<h4 class=\"wp-block-post-title\"><a href=\"https:\/\/mam.org\/info\/pressroom\/2025\/04\/celebrate-60-years-of-art-music-food-and-fun-at-lakefront-festival-of-art\/\" target=\"_self\" >Celebrate 60 Years of Art, Music, Food, and Fun at Lakefront Festival of Art<\/a><\/h4>\n\n<div class=\"no-top-padding wp-block-post-date\"><time datetime=\"2025-04-23T10:37:13-05:00\">April 23, 2025<\/time><\/div>\n\n\n<div style=\"height:1em\" aria-hidden=\"true\" class=\"wp-block-spacer\"><\/div>\n\n<\/li><li class=\"wp-block-post post-6610 post type-post status-publish format-standard hentry category-uncategorized\">\n<h4 class=\"wp-block-post-title\"><a href=\"https:\/\/mam.org\/info\/pressroom\/2025\/03\/milwaukee-art-museum-wins-prestigious-governors-tourism-award\/\" target=\"_self\" >Milwaukee Art Museum Wins Prestigious Governor\u2019s Tourism Award<\/a><\/h4>\n\n<div class=\"no-top-padding wp-block-post-date\"><time datetime=\"2025-03-14T12:54:53-05:00\">March 14, 2025<\/time><\/div>\n\n\n<div style=\"height:1em\" aria-hidden=\"true\" class=\"wp-block-spacer\"><\/div>\n\n<\/li><li class=\"wp-block-post post-6608 post type-post status-publish format-standard hentry category-uncategorized\">\n<h4 class=\"wp-block-post-title\"><a href=\"https:\/\/mam.org\/info\/pressroom\/2025\/03\/three-of-milwaukees-largest-arts-groups-receive-5-million-challenge-gifts\/\" target=\"_self\" >Three Of Milwaukee\u2019s Largest Arts Groups Receive $5 Million Challenge Gifts<\/a><\/h4>\n\n<div class=\"no-top-padding wp-block-post-date\"><time datetime=\"2025-03-10T12:14:51-05:00\">March 10, 2025<\/time><\/div>\n\n\n<div style=\"height:1em\" aria-hidden=\"true\" class=\"wp-block-spacer\"><\/div>\n\n<\/li><li class=\"wp-block-post post-6603 post type-post status-publish format-standard has-post-thumbnail hentry category-uncategorized\">\n<h4 class=\"wp-block-post-title\"><a href=\"https:\/\/mam.org\/info\/pressroom\/2025\/03\/milwaukee-art-museum-welcomes-thomas-busciglio-ritter-as-abert-family-associate-curator-of-american-art\/\" target=\"_self\" >Milwaukee Art Museum Welcomes Thomas Busciglio-Ritter as Abert Family Associate Curator of American Art<\/a><\/h4>\n\n<div class=\"no-top-padding wp-block-post-date\"><time datetime=\"2025-03-05T12:21:42-06:00\">March 5, 2025<\/time><\/div>\n\n\n<div style=\"height:1em\" aria-hidden=\"true\" class=\"wp-block-spacer\"><\/div>\n\n<\/li><li class=\"wp-block-post post-6600 post type-post status-publish format-standard has-post-thumbnail hentry category-uncategorized\">\n<h4 class=\"wp-block-post-title\"><a href=\"https:\/\/mam.org\/info\/pressroom\/2025\/02\/erin-shirreff-permanent-drafts-presents-art-at-the-intersection-of-photography-and-sculpture-opens-at-milwaukee-art-museum-in-may\/\" target=\"_self\" >Erin Shirreff: Permanent Drafts Presents Art at the Intersection of Photography and Sculpture, Opens at Milwaukee Art Museum in May<\/a><\/h4>\n\n<div class=\"no-top-padding wp-block-post-date\"><time datetime=\"2025-02-27T12:16:03-06:00\">February 27, 2025<\/time><\/div>\n\n\n<div style=\"height:1em\" aria-hidden=\"true\" class=\"wp-block-spacer\"><\/div>\n\n<\/li><li class=\"wp-block-post post-6597 post type-post status-publish format-standard has-post-thumbnail hentry category-uncategorized\">\n<h4 class=\"wp-block-post-title\"><a href=\"https:\/\/mam.org\/info\/pressroom\/2025\/02\/milwaukee-art-museum-expands-digital-access-with-app-in-partnership-with-bloomberg-philanthropies\/\" target=\"_self\" >Milwaukee Art Museum Expands Digital Access with App in Partnership with Bloomberg Philanthropies<\/a><\/h4>\n\n<div class=\"no-top-padding wp-block-post-date\"><time datetime=\"2025-02-26T12:51:54-06:00\">February 26, 2025<\/time><\/div>\n\n\n<div style=\"height:1em\" aria-hidden=\"true\" class=\"wp-block-spacer\"><\/div>\n\n<\/li><\/ul>\n\n<nav class=\"wp-block-query-pagination is-content-justification-center is-layout-flex wp-container-core-query-pagination-is-layout-c124d1c4 wp-block-query-pagination-is-layout-flex\" aria-label=\"Pagination\">\n\n\n<div class=\"wp-block-query-pagination-numbers\"><span aria-current=\"page\" class=\"page-numbers current\">1<\/span>\n<a class=\"page-numbers\" href=\"?query-9-page=2\">2<\/a>\n<a class=\"page-numbers\" href=\"?query-9-page=3\">3<\/a>\n<span class=\"page-numbers dots\">&hellip;<\/span>\n<a class=\"page-numbers\" href=\"?query-9-page=23\">23<\/a><\/div>\n\n<a href=\"\/info\/pressroom\/wp-json\/wp\/v2\/pages\/5571?query-9-page=2\" class=\"wp-block-query-pagination-next\">Next<span class='wp-block-query-pagination-next-arrow is-arrow-chevron' aria-hidden='true'>\u00bb<\/span><\/a>\n<\/nav><\/div>\n","protected":false},"excerpt":{"rendered":"","protected":false},"author":7,"featured_media":0,"parent":0,"menu_order":0,"comment_status":"closed","ping_status":"closed","template":"page-press-releases-archive.php","meta":{"_acf_changed":false,"footnotes":""},"class_list":["post-5571","page","type-page","status-publish","hentry"],"acf":[],"_links":{"self":[{"href":"https:\/\/mam.org\/info\/pressroom\/wp-json\/wp\/v2\/pages\/5571","targetHints":{"allow":["GET"]}}],"collection":[{"href":"https:\/\/mam.org\/info\/pressroom\/wp-json\/wp\/v2\/pages"}],"about":[{"href":"https:\/\/mam.org\/info\/pressroom\/wp-json\/wp\/v2\/types\/page"}],"author":[{"embeddable":true,"href":"https:\/\/mam.org\/info\/pressroom\/wp-json\/wp\/v2\/users\/7"}],"replies":[{"embeddable":true,"href":"https:\/\/mam.org\/info\/pressroom\/wp-json\/wp\/v2\/comments?post=5571"}],"version-history":[{"count":3,"href":"https:\/\/mam.org\/info\/pressroom\/wp-json\/wp\/v2\/pages\/5571\/revisions"}],"predecessor-version":[{"id":5579,"href":"https:\/\/mam.org\/info\/pressroom\/wp-json\/wp\/v2\/pages\/5571\/revisions\/5579"}],"wp:attachment":[{"href":"https:\/\/mam.org\/info\/pressroom\/wp-json\/wp\/v2\/media?parent=5571"}],"curies":[{"name":"wp","href":"https:\/\/api.w.org\/{rel}","templated":true}]}}