{"id":279,"date":"2010-02-11T11:38:26","date_gmt":"2010-02-11T17:38:26","guid":{"rendered":"http:\/\/www.mam.org\/info\/pressroom\/?page_id=279"},"modified":"2025-09-03T08:08:12","modified_gmt":"2025-09-03T13:08:12","slug":"contact","status":"publish","type":"page","link":"http:\/\/mam.org\/info\/pressroom\/","title":{"rendered":"Pressroom"},"content":{"rendered":"\n<div class=\"wp-block-columns top-title_w-button is-layout-flex wp-container-core-columns-is-layout-28f84493 wp-block-columns-is-layout-flex\">\n<div class=\"wp-block-column is-layout-flow wp-block-column-is-layout-flow\">\n<h2 class=\"wp-block-heading\">Latest press releases<\/h2>\n<\/div>\n\n\n\n<div class=\"wp-block-column top-right_cta is-layout-flow wp-block-column-is-layout-flow\">\n<p><a class=\"cta_button\" href=\"https:\/\/mam.org\/info\/pressroom\/press-release-archive\/\" data-type=\"link\" data-id=\"https:\/\/mam.org\/info\/pressroom\/press-release-archive\/\">View all press releases \u2192<\/a><\/p>\n<\/div>\n<\/div>\n\n\n\n<div class=\"wp-block-query is-layout-flow wp-block-query-is-layout-flow\"><ul class=\"columns-4 wp-block-post-template is-layout-grid wp-container-core-post-template-is-layout-e7fd85f5 wp-block-post-template-is-layout-grid\"><li class=\"wp-block-post post-6870 post type-post status-publish format-standard has-post-thumbnail hentry category-uncategorized\">\n<h4 class=\"wp-block-post-title\"><a href=\"http:\/\/mam.org\/info\/pressroom\/2026\/04\/milwaukee-art-museum-to-present-seeking-revelation-german-romantic-prints-and-drawings\/\" target=\"_self\" >Milwaukee Art Museum to Present \u201cSeeking Revelation: German Romantic Prints and Drawings\u201d<\/a><\/h4>\n\n<div class=\"thick-400 wp-block-post-date\"><time datetime=\"2026-04-23T10:56:07-05:00\">April 23, 2026<\/time><\/div>\n\n<div class=\"wp-block-post-excerpt\"><p class=\"wp-block-post-excerpt__excerpt\">This new exhibition\u00a0draws from one of the nation\u2019s\u00a0strongest\u00a0collections of German Romantic works on paper, many on view for the first time in decades.<\/p><p class=\"wp-block-post-excerpt__more-text\"><a class=\"wp-block-post-excerpt__more-link\" href=\"http:\/\/mam.org\/info\/pressroom\/2026\/04\/milwaukee-art-museum-to-present-seeking-revelation-german-romantic-prints-and-drawings\/\">Continue reading \u2192<\/a><\/p><\/div>\n<\/li><li class=\"wp-block-post post-6863 post type-post status-publish format-standard has-post-thumbnail hentry category-uncategorized\">\n<h4 class=\"wp-block-post-title\"><a href=\"http:\/\/mam.org\/info\/pressroom\/2026\/03\/milwaukee-art-museum-reimagines-the-bradley-wing-of-modern-art\/\" target=\"_self\" >Milwaukee Art Museum Reimagines the Bradley Wing of Modern Art<\/a><\/h4>\n\n<div class=\"thick-400 wp-block-post-date\"><time datetime=\"2026-03-12T14:52:33-05:00\">March 12, 2026<\/time><\/div>\n\n<div class=\"wp-block-post-excerpt\"><p class=\"wp-block-post-excerpt__excerpt\">The Milwaukee Art Museum will unveil a major reinstallation of its renowned Bradley Wing of Modern Art, featuring a fresh presentation of the institution\u2019s significant collection of 20th-century art.<\/p><p class=\"wp-block-post-excerpt__more-text\"><a class=\"wp-block-post-excerpt__more-link\" href=\"http:\/\/mam.org\/info\/pressroom\/2026\/03\/milwaukee-art-museum-reimagines-the-bradley-wing-of-modern-art\/\">Continue reading \u2192<\/a><\/p><\/div>\n<\/li><li class=\"wp-block-post post-6860 post type-post status-publish format-standard has-post-thumbnail hentry category-uncategorized\">\n<h4 class=\"wp-block-post-title\"><a href=\"http:\/\/mam.org\/info\/pressroom\/2026\/03\/milwaukee-art-museum-to-present-widline-cadets-first-u-s-museum-solo-exhibition\/\" target=\"_self\" >Milwaukee Art Museum to Present Widline Cadet\u2019s First U.S. Museum Solo Exhibition<\/a><\/h4>\n\n<div class=\"thick-400 wp-block-post-date\"><time datetime=\"2026-03-12T14:33:22-05:00\">March 12, 2026<\/time><\/div>\n\n<div class=\"wp-block-post-excerpt\"><p class=\"wp-block-post-excerpt__excerpt\">A major new exhibition exploring migration, memory, and Black diasporic life through photography, video, and installation.<\/p><p class=\"wp-block-post-excerpt__more-text\"><a class=\"wp-block-post-excerpt__more-link\" href=\"http:\/\/mam.org\/info\/pressroom\/2026\/03\/milwaukee-art-museum-to-present-widline-cadets-first-u-s-museum-solo-exhibition\/\">Continue reading \u2192<\/a><\/p><\/div>\n<\/li><li class=\"wp-block-post post-6851 post type-post status-publish format-standard has-post-thumbnail hentry category-uncategorized\">\n<h4 class=\"wp-block-post-title\"><a href=\"http:\/\/mam.org\/info\/pressroom\/2026\/02\/art-in-bloom-returns-to-the-milwaukee-art-museum-2026\/\" target=\"_self\" >Art in Bloom Returns to the Milwaukee Art Museum, April 16\u201319, 2026<\/a><\/h4>\n\n<div class=\"thick-400 wp-block-post-date\"><time datetime=\"2026-02-16T10:44:23-06:00\">February 16, 2026<\/time><\/div>\n\n<div class=\"wp-block-post-excerpt\"><p class=\"wp-block-post-excerpt__excerpt\">Art in Bloom returns to the Milwaukee Art Museum April 16\u201319, filling the galleries with vibrant floral installations inspired by works from the collection.<\/p><p class=\"wp-block-post-excerpt__more-text\"><a class=\"wp-block-post-excerpt__more-link\" href=\"http:\/\/mam.org\/info\/pressroom\/2026\/02\/art-in-bloom-returns-to-the-milwaukee-art-museum-2026\/\">Continue reading \u2192<\/a><\/p><\/div>\n<\/li><li class=\"wp-block-post post-6844 post type-post status-publish format-standard has-post-thumbnail hentry category-uncategorized\">\n<h4 class=\"wp-block-post-title\"><a href=\"http:\/\/mam.org\/info\/pressroom\/2026\/02\/inspiring-generations-of-young-artists-50-years-of-wisconsin-scholastic-art-awards-at-the-milwaukee-art-museum\/\" target=\"_self\" >Inspiring Generations of Young Artists: 50 Years of Wisconsin Scholastic Art Awards at the Milwaukee Art Museum<\/a><\/h4>\n\n<div class=\"thick-400 wp-block-post-date\"><time datetime=\"2026-02-06T14:38:55-06:00\">February 6, 2026<\/time><\/div>\n\n<div class=\"wp-block-post-excerpt\"><p class=\"wp-block-post-excerpt__excerpt\">2026 Scholastic Art Awards: Wisconsin Exhibition opens January 31.<\/p><p class=\"wp-block-post-excerpt__more-text\"><a class=\"wp-block-post-excerpt__more-link\" href=\"http:\/\/mam.org\/info\/pressroom\/2026\/02\/inspiring-generations-of-young-artists-50-years-of-wisconsin-scholastic-art-awards-at-the-milwaukee-art-museum\/\">Continue reading \u2192<\/a><\/p><\/div>\n<\/li><li class=\"wp-block-post post-6819 post type-post status-publish format-standard hentry category-uncategorized\">\n<h4 class=\"wp-block-post-title\"><a href=\"http:\/\/mam.org\/info\/pressroom\/2025\/12\/milwaukee-art-museum-announces-gertrude-abercrombie-the-whole-world-is-a-mystery\/\" target=\"_self\" >Milwaukee Art Museum Announces \u201cGertrude Abercrombie: The Whole World Is a Mystery\u201d<\/a><\/h4>\n\n<div class=\"thick-400 wp-block-post-date\"><time datetime=\"2025-12-12T11:40:07-06:00\">December 12, 2025<\/time><\/div>\n\n<div class=\"wp-block-post-excerpt\"><p class=\"wp-block-post-excerpt__excerpt\">As the only Midwest venue for this nationally touring exhibition\u2014and the most comprehensive presentation of Abercrombie\u2019s work ever organized\u2014the Milwaukee Art Museum invites visitors to step into a world of mystery beginning March 27, 2026. MILWAUKEE, WI\u2014December 9, 2025\u2014The Milwaukee Art Museum invites visitors to step into a world of mystery this spring with Gertrude<\/p><p class=\"wp-block-post-excerpt__more-text\"><a class=\"wp-block-post-excerpt__more-link\" href=\"http:\/\/mam.org\/info\/pressroom\/2025\/12\/milwaukee-art-museum-announces-gertrude-abercrombie-the-whole-world-is-a-mystery\/\">Continue reading \u2192<\/a><\/p><\/div>\n<\/li><li class=\"wp-block-post post-6798 post type-post status-publish format-standard hentry category-uncategorized\">\n<h4 class=\"wp-block-post-title\"><a href=\"http:\/\/mam.org\/info\/pressroom\/2025\/10\/generosity-takes-center-stage-in-major-fall-exhibition-at-the-milwaukee-art-museum\/\" target=\"_self\" >Generosity Takes Center Stage in Major Fall Exhibition at the Milwaukee Art Museum<\/a><\/h4>\n\n<div class=\"thick-400 wp-block-post-date\"><time datetime=\"2025-10-15T13:56:28-05:00\">October 15, 2025<\/time><\/div>\n\n<div class=\"wp-block-post-excerpt\"><p class=\"wp-block-post-excerpt__excerpt\">\u201cLooking Forward\u201d highlights new and promised gifts of art that help the Museum build a stronger collection for the future.<\/p><p class=\"wp-block-post-excerpt__more-text\"><a class=\"wp-block-post-excerpt__more-link\" href=\"http:\/\/mam.org\/info\/pressroom\/2025\/10\/generosity-takes-center-stage-in-major-fall-exhibition-at-the-milwaukee-art-museum\/\">Continue reading \u2192<\/a><\/p><\/div>\n<\/li><li class=\"wp-block-post post-6764 post type-post status-publish format-standard has-post-thumbnail hentry category-uncategorized\">\n<h4 class=\"wp-block-post-title\"><a href=\"http:\/\/mam.org\/info\/pressroom\/2025\/09\/milwaukee-art-museums-artforward-gala-raises-1-2-million\/\" target=\"_self\" >Milwaukee Art Museum\u2019s Art:Forward Gala Raises $1.2 Million<\/a><\/h4>\n\n<div class=\"thick-400 wp-block-post-date\"><time datetime=\"2025-09-24T11:17:37-05:00\">September 24, 2025<\/time><\/div>\n\n<div class=\"wp-block-post-excerpt\"><p class=\"wp-block-post-excerpt__excerpt\">Through the generosity of more than 300 guests, the Milwaukee Art Museum raised $1.2 million in celebration of the Bradley Collection of Modern Art and its lasting legacy.<\/p><p class=\"wp-block-post-excerpt__more-text\"><a class=\"wp-block-post-excerpt__more-link\" href=\"http:\/\/mam.org\/info\/pressroom\/2025\/09\/milwaukee-art-museums-artforward-gala-raises-1-2-million\/\">Continue reading \u2192<\/a><\/p><\/div>\n<\/li><li class=\"wp-block-post post-6738 post type-post status-publish format-standard hentry category-featured-press-release\">\n<h4 class=\"wp-block-post-title\"><a href=\"http:\/\/mam.org\/info\/pressroom\/2025\/09\/director-update\/\" target=\"_self\" >Milwaukee Art Museum Names Kim Sajet as New Director<\/a><\/h4>\n\n<div class=\"thick-400 wp-block-post-date\"><time datetime=\"2025-09-03T08:50:00-05:00\">September 3, 2025<\/time><\/div>\n\n<div class=\"wp-block-post-excerpt\"><p class=\"wp-block-post-excerpt__excerpt\">The Milwaukee Art Museum (MAM) announced today that Kim Sajet has been selected as the organization\u2019s next Donna and Donald Baumgartner Director.<\/p><p class=\"wp-block-post-excerpt__more-text\"><a class=\"wp-block-post-excerpt__more-link\" href=\"http:\/\/mam.org\/info\/pressroom\/2025\/09\/director-update\/\">Continue reading \u2192<\/a><\/p><\/div>\n<\/li><li class=\"wp-block-post post-6729 post type-post status-publish format-standard hentry category-uncategorized\">\n<h4 class=\"wp-block-post-title\"><a href=\"http:\/\/mam.org\/info\/pressroom\/2025\/07\/milwaukee-art-museum-announces-2025-artforward-gala-celebrating-50-years-of-the-bradley-collection\/\" target=\"_self\" >Milwaukee Art Museum Announces 2025 Art:Forward Gala, Celebrating 50 Years of the Bradley Collection<\/a><\/h4>\n\n<div class=\"thick-400 wp-block-post-date\"><time datetime=\"2025-07-29T12:42:24-05:00\">July 29, 2025<\/time><\/div>\n\n<div class=\"wp-block-post-excerpt\"><p class=\"wp-block-post-excerpt__excerpt\">A signature event highlighting civic generosity and artistic legacy returns to the lakefront this fall. MILWAUKEE, WI\u2014July 21, 2025\u2014The Milwaukee Art Museum is proud to announce the 2025 Art:Forward Gala will take place on Saturday, September 20 in the iconic Quadracci Pavilion. The Museum\u2019s annual fundraising event, the gala will celebrate the 50th anniversary of<\/p><p class=\"wp-block-post-excerpt__more-text\"><a class=\"wp-block-post-excerpt__more-link\" href=\"http:\/\/mam.org\/info\/pressroom\/2025\/07\/milwaukee-art-museum-announces-2025-artforward-gala-celebrating-50-years-of-the-bradley-collection\/\">Continue reading \u2192<\/a><\/p><\/div>\n<\/li><li class=\"wp-block-post post-6684 post type-post status-publish format-standard hentry category-uncategorized\">\n<h4 class=\"wp-block-post-title\"><a href=\"http:\/\/mam.org\/info\/pressroom\/2025\/06\/a-new-story-emerges-introducing-homelands-mnenanak-maenaewah-tesisik\/\" target=\"_self\" >A New Story Emerges: Introducing Homelands: Mn\u00eb\u2019n\u00e1nak, M\u0101\u0113n\u0101\u0113wah, Te\u0161i\u0161ik<\/a><\/h4>\n\n<div class=\"thick-400 wp-block-post-date\"><time datetime=\"2025-06-26T14:02:12-05:00\">June 26, 2025<\/time><\/div>\n\n<div class=\"wp-block-post-excerpt\"><p class=\"wp-block-post-excerpt__excerpt\">The Milwaukee Art Museum unveiled \u201cHomelands: Mn\u00eb\u2019n\u00e1nak, M\u0101\u0113n\u0101\u0113wah, Te\u0161i\u0161ik\u201d, a groundbreaking reinstallation of its former \u201cAmerican West\u201d gallery.<\/p><p class=\"wp-block-post-excerpt__more-text\"><a class=\"wp-block-post-excerpt__more-link\" href=\"http:\/\/mam.org\/info\/pressroom\/2025\/06\/a-new-story-emerges-introducing-homelands-mnenanak-maenaewah-tesisik\/\">Continue reading \u2192<\/a><\/p><\/div>\n<\/li><li class=\"wp-block-post post-6673 post type-post status-publish format-standard hentry category-uncategorized\">\n<h4 class=\"wp-block-post-title\"><a href=\"http:\/\/mam.org\/info\/pressroom\/2025\/05\/milwaukee-art-museum-presents-the-bradley-collection-of-modern-art-a-bold-vision-for-milwaukee\/\" target=\"_self\" >Milwaukee Art Museum Presents \u201cThe Bradley Collection of Modern Art: A Bold Vision for Milwaukee\u201d<\/a><\/h4>\n\n<div class=\"thick-400 wp-block-post-date\"><time datetime=\"2025-05-28T10:30:00-05:00\">May 28, 2025<\/time><\/div>\n\n<div class=\"wp-block-post-excerpt\"><p class=\"wp-block-post-excerpt__excerpt\">The exhibition celebrates the 50th anniversary of this transformational gift of modern art and its long-lasting legacy at the Museum and in Milwaukee.<\/p><p class=\"wp-block-post-excerpt__more-text\"><a class=\"wp-block-post-excerpt__more-link\" href=\"http:\/\/mam.org\/info\/pressroom\/2025\/05\/milwaukee-art-museum-presents-the-bradley-collection-of-modern-art-a-bold-vision-for-milwaukee\/\">Continue reading \u2192<\/a><\/p><\/div>\n<\/li><\/ul><\/div>\n","protected":false},"excerpt":{"rendered":"<p>Latest press releases View all press releases \u2192<\/p>\n","protected":false},"author":7,"featured_media":6759,"parent":0,"menu_order":0,"comment_status":"closed","ping_status":"closed","template":"page-front.php","meta":{"_acf_changed":false,"footnotes":""},"class_list":["post-279","page","type-page","status-publish","has-post-thumbnail","hentry"],"acf":[],"_links":{"self":[{"href":"http:\/\/mam.org\/info\/pressroom\/wp-json\/wp\/v2\/pages\/279","targetHints":{"allow":["GET"]}}],"collection":[{"href":"http:\/\/mam.org\/info\/pressroom\/wp-json\/wp\/v2\/pages"}],"about":[{"href":"http:\/\/mam.org\/info\/pressroom\/wp-json\/wp\/v2\/types\/page"}],"author":[{"embeddable":true,"href":"http:\/\/mam.org\/info\/pressroom\/wp-json\/wp\/v2\/users\/7"}],"replies":[{"embeddable":true,"href":"http:\/\/mam.org\/info\/pressroom\/wp-json\/wp\/v2\/comments?post=279"}],"version-history":[{"count":139,"href":"http:\/\/mam.org\/info\/pressroom\/wp-json\/wp\/v2\/pages\/279\/revisions"}],"predecessor-version":[{"id":5856,"href":"http:\/\/mam.org\/info\/pressroom\/wp-json\/wp\/v2\/pages\/279\/revisions\/5856"}],"wp:featuredmedia":[{"embeddable":true,"href":"http:\/\/mam.org\/info\/pressroom\/wp-json\/wp\/v2\/media\/6759"}],"wp:attachment":[{"href":"http:\/\/mam.org\/info\/pressroom\/wp-json\/wp\/v2\/media?parent=279"}],"curies":[{"name":"wp","href":"https:\/\/api.w.org\/{rel}","templated":true}]}}